{"id":27,"date":"2013-08-26T12:51:40","date_gmt":"2013-08-26T10:51:40","guid":{"rendered":"http:\/\/viaggireligiosi.evolutiontravel.it\/infovacanze\/?page_id=27"},"modified":"2013-10-22T15:01:54","modified_gmt":"2013-10-22T13:01:54","slug":"lourdes","status":"publish","type":"page","link":"https:\/\/viaggireligiosi.evolutiontravel.it\/infovacanze\/pellegrinaggi\/lourdes\/","title":{"rendered":"Lourdes"},"content":{"rendered":"<p>La citt\u00e0 di Lourdes, che si trova nel sud-ovest della Francia, \u00e8 una localit\u00e0 di poco pi\u00f9 di 15000 abitanti; la sua fama, senz\u2019ombra di pi\u00f9, \u00e8 nata e cresciuta a partire dal 1858, cio\u00e8, nel momento in cui la contadina Bernadette Soubirous ebbe delle apparizioni mariane.<\/p>\n<p>In seguito a ci\u00f2, iniziarono ad organizzarsi dei pellegrinaggi di una certa rilevanza, tant\u2019\u00e8 vero che i santuari presenti, ad oggi, sono: quello di Nostra Signora di Lourdes, il pi\u00f9 importante; il Santuario Madonna del Rosario; la Basilica Pio X; la Chiesa di Santa Bernadette; la Chiesa del Sacro Cuore e la Chiesa Ortodossa Ucraina.<\/p>\n<p>Altro luogo di interesse presente nella localit\u00e0 di Lourdes, \u00e8 il museo Grevin, conosciuto come il Museo delle cere: in questo museo, particolarmente grande e ricco di tante statue di cera, inserite in una contestuale ambientazione scenografica pertinente, si ritrovano anche le scene della vita della contadina Bernadette Soubirous, inserite nelle prime sale del museo, con le apparizioni.<\/p>\n<p>\u00c8 possibile, inoltre, visitare i musei della Nativit\u00e0 e della Piccola Lourdes.<br \/>\nMa il Santuario di Nostra Signora di Lourdes, il pi\u00f9 importante, \u00e8 composto da tre basiliche principali: la Basilica Superiore, la Basilica del Rosario e la Basilica San Pio X, anche nota come Basilica Sotterranea. La Tenda e Cappella dell\u2019Adorazione, situate nei pressi della Chiesa Santa Bernadette, si trovano davanti alla grotta.<\/p>\n<p>I viaggi al santuario di Lourdes sono noti perch\u00e9 i credenti che vi si recano sono alla ricerca di guarigioni miracolose: sono sorte, in giro per il mondo, associazioni che organizzano viaggi per infermi.<\/p>\n","protected":false},"excerpt":{"rendered":"<p>La citt\u00e0 di Lourdes, che si trova nel sud-ovest della Francia, \u00e8 una localit\u00e0 di poco pi\u00f9 di 15000 abitanti; la sua fama, senz\u2019ombra di pi\u00f9, \u00e8 nata e cresciuta a partire dal 1858, cio\u00e8, nel momento in cui la contadina Bernadette Soubirous ebbe delle apparizioni mariane. In seguito a ci\u00f2, iniziarono ad organizzarsi dei <a class=\"moretag\" href=\"https:\/\/viaggireligiosi.evolutiontravel.it\/infovacanze\/pellegrinaggi\/lourdes\/\">[&#8230;]<\/a><\/p>\n","protected":false},"author":1,"featured_media":0,"parent":13,"menu_order":0,"comment_status":"closed","ping_status":"open","template":"","meta":{"footnotes":""},"yoast_head":"<!-- This site is optimized with the Yoast SEO plugin v21.9.1 - https:\/\/yoast.com\/wordpress\/plugins\/seo\/ -->\n<title>Pellegrinaggio a Lourdes<\/title>\n<meta name=\"description\" content=\"Vorreste recarvi in visita alla citt\u00e0 di Lourdes? Ne avete gi\u00e0 sentito parlare, ma non sapete granch\u00e9 su questo luogo religioso? Noi vi diciamo qualcosa\" \/>\n<meta name=\"robots\" content=\"index, follow, max-snippet:-1, max-image-preview:large, max-video-preview:-1\" \/>\n<link rel=\"canonical\" href=\"https:\/\/viaggireligiosi.evolutiontravel.it\/infovacanze\/pellegrinaggi\/lourdes\/\" \/>\n<meta name=\"twitter:label1\" content=\"Tempo di lettura stimato\" \/>\n\t<meta name=\"twitter:data1\" content=\"1 minuto\" \/>\n<script type=\"application\/ld+json\" class=\"yoast-schema-graph\">{\"@context\":\"https:\/\/schema.org\",\"@graph\":[{\"@type\":\"WebPage\",\"@id\":\"https:\/\/viaggireligiosi.evolutiontravel.it\/infovacanze\/pellegrinaggi\/lourdes\/\",\"url\":\"https:\/\/viaggireligiosi.evolutiontravel.it\/infovacanze\/pellegrinaggi\/lourdes\/\",\"name\":\"Pellegrinaggio a Lourdes\",\"isPartOf\":{\"@id\":\"https:\/\/viaggireligiosi.evolutiontravel.it\/infovacanze\/#website\"},\"datePublished\":\"2013-08-26T10:51:40+00:00\",\"dateModified\":\"2013-10-22T13:01:54+00:00\",\"description\":\"Vorreste recarvi in visita alla citt\u00e0 di Lourdes? Ne avete gi\u00e0 sentito parlare, ma non sapete granch\u00e9 su questo luogo religioso? Noi vi diciamo qualcosa\",\"breadcrumb\":{\"@id\":\"https:\/\/viaggireligiosi.evolutiontravel.it\/infovacanze\/pellegrinaggi\/lourdes\/#breadcrumb\"},\"inLanguage\":\"it-IT\",\"potentialAction\":[{\"@type\":\"ReadAction\",\"target\":[\"https:\/\/viaggireligiosi.evolutiontravel.it\/infovacanze\/pellegrinaggi\/lourdes\/\"]}]},{\"@type\":\"BreadcrumbList\",\"@id\":\"https:\/\/viaggireligiosi.evolutiontravel.it\/infovacanze\/pellegrinaggi\/lourdes\/#breadcrumb\",\"itemListElement\":[{\"@type\":\"ListItem\",\"position\":1,\"name\":\"Pellegrinaggi\",\"item\":\"https:\/\/viaggireligiosi.evolutiontravel.it\/infovacanze\/pellegrinaggi\/\"},{\"@type\":\"ListItem\",\"position\":2,\"name\":\"Lourdes\"}]},{\"@type\":\"WebSite\",\"@id\":\"https:\/\/viaggireligiosi.evolutiontravel.it\/infovacanze\/#website\",\"url\":\"https:\/\/viaggireligiosi.evolutiontravel.it\/infovacanze\/\",\"name\":\"Viaggi Religiosi\",\"description\":\"\",\"potentialAction\":[{\"@type\":\"SearchAction\",\"target\":{\"@type\":\"EntryPoint\",\"urlTemplate\":\"https:\/\/viaggireligiosi.evolutiontravel.it\/infovacanze\/?s={search_term_string}\"},\"query-input\":\"required name=search_term_string\"}],\"inLanguage\":\"it-IT\"}]}<\/script>\n<!-- \/ Yoast SEO plugin. -->","yoast_head_json":{"title":"Pellegrinaggio a Lourdes","description":"Vorreste recarvi in visita alla citt\u00e0 di Lourdes? Ne avete gi\u00e0 sentito parlare, ma non sapete granch\u00e9 su questo luogo religioso? Noi vi diciamo qualcosa","robots":{"index":"index","follow":"follow","max-snippet":"max-snippet:-1","max-image-preview":"max-image-preview:large","max-video-preview":"max-video-preview:-1"},"canonical":"https:\/\/viaggireligiosi.evolutiontravel.it\/infovacanze\/pellegrinaggi\/lourdes\/","twitter_misc":{"Tempo di lettura stimato":"1 minuto"},"schema":{"@context":"https:\/\/schema.org","@graph":[{"@type":"WebPage","@id":"https:\/\/viaggireligiosi.evolutiontravel.it\/infovacanze\/pellegrinaggi\/lourdes\/","url":"https:\/\/viaggireligiosi.evolutiontravel.it\/infovacanze\/pellegrinaggi\/lourdes\/","name":"Pellegrinaggio a Lourdes","isPartOf":{"@id":"https:\/\/viaggireligiosi.evolutiontravel.it\/infovacanze\/#website"},"datePublished":"2013-08-26T10:51:40+00:00","dateModified":"2013-10-22T13:01:54+00:00","description":"Vorreste recarvi in visita alla citt\u00e0 di Lourdes? Ne avete gi\u00e0 sentito parlare, ma non sapete granch\u00e9 su questo luogo religioso? Noi vi diciamo qualcosa","breadcrumb":{"@id":"https:\/\/viaggireligiosi.evolutiontravel.it\/infovacanze\/pellegrinaggi\/lourdes\/#breadcrumb"},"inLanguage":"it-IT","potentialAction":[{"@type":"ReadAction","target":["https:\/\/viaggireligiosi.evolutiontravel.it\/infovacanze\/pellegrinaggi\/lourdes\/"]}]},{"@type":"BreadcrumbList","@id":"https:\/\/viaggireligiosi.evolutiontravel.it\/infovacanze\/pellegrinaggi\/lourdes\/#breadcrumb","itemListElement":[{"@type":"ListItem","position":1,"name":"Pellegrinaggi","item":"https:\/\/viaggireligiosi.evolutiontravel.it\/infovacanze\/pellegrinaggi\/"},{"@type":"ListItem","position":2,"name":"Lourdes"}]},{"@type":"WebSite","@id":"https:\/\/viaggireligiosi.evolutiontravel.it\/infovacanze\/#website","url":"https:\/\/viaggireligiosi.evolutiontravel.it\/infovacanze\/","name":"Viaggi Religiosi","description":"","potentialAction":[{"@type":"SearchAction","target":{"@type":"EntryPoint","urlTemplate":"https:\/\/viaggireligiosi.evolutiontravel.it\/infovacanze\/?s={search_term_string}"},"query-input":"required name=search_term_string"}],"inLanguage":"it-IT"}]}},"_links":{"self":[{"href":"https:\/\/viaggireligiosi.evolutiontravel.it\/infovacanze\/wp-json\/wp\/v2\/pages\/27"}],"collection":[{"href":"https:\/\/viaggireligiosi.evolutiontravel.it\/infovacanze\/wp-json\/wp\/v2\/pages"}],"about":[{"href":"https:\/\/viaggireligiosi.evolutiontravel.it\/infovacanze\/wp-json\/wp\/v2\/types\/page"}],"author":[{"embeddable":true,"href":"https:\/\/viaggireligiosi.evolutiontravel.it\/infovacanze\/wp-json\/wp\/v2\/users\/1"}],"replies":[{"embeddable":true,"href":"https:\/\/viaggireligiosi.evolutiontravel.it\/infovacanze\/wp-json\/wp\/v2\/comments?post=27"}],"version-history":[{"count":4,"href":"https:\/\/viaggireligiosi.evolutiontravel.it\/infovacanze\/wp-json\/wp\/v2\/pages\/27\/revisions"}],"predecessor-version":[{"id":70,"href":"https:\/\/viaggireligiosi.evolutiontravel.it\/infovacanze\/wp-json\/wp\/v2\/pages\/27\/revisions\/70"}],"up":[{"embeddable":true,"href":"https:\/\/viaggireligiosi.evolutiontravel.it\/infovacanze\/wp-json\/wp\/v2\/pages\/13"}],"wp:attachment":[{"href":"https:\/\/viaggireligiosi.evolutiontravel.it\/infovacanze\/wp-json\/wp\/v2\/media?parent=27"}],"curies":[{"name":"wp","href":"https:\/\/api.w.org\/{rel}","templated":true}]}}